{"id":2,"date":"2021-06-24T10:28:42","date_gmt":"2021-06-24T10:28:42","guid":{"rendered":"http:\/\/promatteo.com\/?page_id=2"},"modified":"2021-06-28T23:04:46","modified_gmt":"2021-06-28T23:04:46","slug":"sample-page","status":"publish","type":"page","link":"https:\/\/promatteo.com\/","title":{"rendered":"Nous"},"content":{"rendered":"\n<div class=\"wp-block-image\"><figure class=\"aligncenter size-large is-resized\"><img src=\"http:\/\/promatteo.com\/wp-content\/uploads\/2021\/06\/Sue-shop-28.jpg\" alt=\"R\u00e9novation-r\u00e9paration-sellerie-tapisser-nettoyage-calvi\" class=\"wp-image-77\" width=\"800\" srcset=\"https:\/\/promatteo.com\/wp-content\/uploads\/2021\/06\/Sue-shop-28.jpg 1024w, https:\/\/promatteo.com\/wp-content\/uploads\/2021\/06\/Sue-shop-28-300x169.jpg 300w, https:\/\/promatteo.com\/wp-content\/uploads\/2021\/06\/Sue-shop-28-768x432.jpg 768w\" sizes=\"(max-width: 1024px) 100vw, 1024px\" \/><\/figure><\/div>\n\n\n\n<blockquote class=\"wp-block-quote\"><p>Nous sommes une entreprise familiale n\u00e9e de l\u2019amour de la restauration, de la r\u00e9novation et de l\u2019automobile. Nous sommes caract\u00e9ris\u00e9s par de nombreuses ann\u00e9es d\u2019exp\u00e9rience dans les secteurs de l\u2019automobile et des services.<\/p><\/blockquote>\n\n\n\n<p><\/p>\n\n\n\n<p><strong>Nous traitons, entre autres:<\/strong><\/p>\n\n\n\n<ul><li>r\u00e9novation de la sellerie en cuir<\/li><li>teinture de la sellerie en cuir<\/li><li>lavage de l\u2019ensemble de la sellerie (tapis, fauteuils, ciel de toit)<\/li><li>r\u00e9novation des phares ternes \/ opaques<\/li><li>d\u00e9sinfection et ozonation de l\u2019int\u00e9rieur de la voiture (\u00e9limine les odeurs d\u00e9sagr\u00e9ables, les champignons, les virus, les acariens)<\/li><li>polissage de la peinture<\/li><\/ul>\n\n\n\n<p><strong>Et:<\/strong><\/p>\n\n\n\n<ul><li>r\u00e9novation de meubles en bois<\/li><li>r\u00e9novation de la sellerie pour bateaux<\/li><li>cr\u00e9er un selleries \u00e0 partir de la base (ameublement et automobile)<\/li><li>installation de syst\u00e8mes d\u2019alarme et surveillance<\/li><li>r\u00e9paration d\u2019ordinateurs (mat\u00e9riel) et logiciels dans les syst\u00e8mes Windows<\/li><li>recherche et achat de pi\u00e8ces automobiles rares pour des v\u00e9hicules anciens<\/li><li>m\u00e9diation dans la r\u00e9novation de v\u00e9hicules anciens (entreprise partenaire en Pologne)<\/li><li>achat et vente d\u2019objets d\u2019occasion (antiquit\u00e9s, appareils \u00e9lectroniques)<\/li><\/ul>\n\n\n\n<p><strong>Additionellement:<\/strong><\/p>\n\n\n\n<ul><li>petits travaux de r\u00e9novation (murs int\u00e9rieurs)<\/li><li>petits travaux et installation de plomberie<\/li><li>r\u00e9parations mineures des installations \u00e9lectriques 230V<\/li><li>assemblage de meubles<\/li><li>r\u00e9paration d\u2019appareils \u00e9lectrom\u00e9nagers<\/li><\/ul>\n\n\n\n<blockquote class=\"wp-block-quote\"><p> Nous avons les qualifications appropri\u00e9es et de grandes connaissances dans le domaine de l\u2019entretien et de la r\u00e9novation. Nous avons acquis notre exp\u00e9rience en travaillant de nombreuses ann\u00e9es dans des entreprises de diff\u00e9rents secteurs et nous am\u00e9liorons constamment nos comp\u00e9tences.<\/p><\/blockquote>\n\n\n\n<p><\/p>\n","protected":false},"excerpt":{"rendered":"<p>Nous sommes une entreprise familiale n\u00e9e de l\u2019amour de la restauration, de la r\u00e9novation et de l\u2019automobile. Nous sommes caract\u00e9ris\u00e9s par de nombreuses ann\u00e9es d\u2019exp\u00e9rience dans les secteurs de l\u2019automobile &#8230;<\/p>\n","protected":false},"author":1,"featured_media":0,"parent":0,"menu_order":0,"comment_status":"closed","ping_status":"closed","template":"","meta":[],"_links":{"self":[{"href":"https:\/\/promatteo.com\/index.php?rest_route=\/wp\/v2\/pages\/2"}],"collection":[{"href":"https:\/\/promatteo.com\/index.php?rest_route=\/wp\/v2\/pages"}],"about":[{"href":"https:\/\/promatteo.com\/index.php?rest_route=\/wp\/v2\/types\/page"}],"author":[{"embeddable":true,"href":"https:\/\/promatteo.com\/index.php?rest_route=\/wp\/v2\/users\/1"}],"replies":[{"embeddable":true,"href":"https:\/\/promatteo.com\/index.php?rest_route=%2Fwp%2Fv2%2Fcomments&post=2"}],"version-history":[{"count":9,"href":"https:\/\/promatteo.com\/index.php?rest_route=\/wp\/v2\/pages\/2\/revisions"}],"predecessor-version":[{"id":120,"href":"https:\/\/promatteo.com\/index.php?rest_route=\/wp\/v2\/pages\/2\/revisions\/120"}],"wp:attachment":[{"href":"https:\/\/promatteo.com\/index.php?rest_route=%2Fwp%2Fv2%2Fmedia&parent=2"}],"curies":[{"name":"wp","href":"https:\/\/api.w.org\/{rel}","templated":true}]}}